{"id":91,"date":"2025-08-11T10:21:29","date_gmt":"2025-08-11T10:21:29","guid":{"rendered":"https:\/\/dermaidl.com\/?post_type=product&#038;p=91"},"modified":"2025-08-12T04:50:05","modified_gmt":"2025-08-12T04:50:05","slug":"gel-tri-mun-derma-idl","status":"publish","type":"product","link":"https:\/\/dermaidl.com\/?product=gel-tri-mun-derma-idl","title":{"rendered":"Gel tr\u1ecb m\u1ee5n Derma idl"},"content":{"rendered":"<div><em><strong>Kem b\u00f4i m\u1ee5n Derma IdL<\/strong>\u00a0s\u1eed d\u1ee5ng h\u1eefu hi\u1ec7u trong c\u00e1c tr\u01b0\u1eddng h\u1ee3p b\u1ecb m\u1ee5n \u0111\u1ea7u tr\u1eafng, m\u1ee5n \u0111\u1ea7u \u0111en, m\u1ee5n nh\u1ecdt, m\u1ee5n tr\u1ee9ng c\u00e1. Li\u1ec1n da kh\u00f4ng \u0111\u1ec1 l\u1ea1i v\u1ebft seo v\u1ebft th\u00e2m.<\/em><\/div>\n<h2 data-serialscrolling-target=\"f-0\">M\u00f4 t\u1ea3 s\u1ea3n ph\u1ea9m<\/h2>\n<ul>\n<li>Kem b\u00f4i m\u1ee5n Derma IdL l\u00e0 m\u1ed9t trong nh\u1eefng s\u1ea3n ph\u1ea9m ch\u0103m s\u00f3c da c\u1ee7a c\u00f4ng ty Gamma Chemicals t\u1ea1i Vi\u1ec7t Nam. S\u1ea3n ph\u1ea9m c\u00f3 t\u00e1c d\u1ee5ng ng\u0103n ng\u1eeba v\u00e0 \u0111i\u1ec1u tr\u1ecb c\u00e1c d\u1ea1ng m\u1ee5n tr\u1ee9ng c\u00e1, ch\u1ed1ng th\u00e2m v\u00e0 li\u1ec1n s\u1eb9o do m\u1ee5n, d\u01b0\u1ee1ng tr\u1eafng m\u1ecbn da<\/li>\n<\/ul>\n<div>Hi\u1ec7u qu\u1ea3 s\u1eed d\u1ee5ng Kem b\u00f4i m\u1ee5n Derma IdL gi\u1ea3m m\u1ee5n, li\u1ec1n s\u1eb9o<\/div>\n<ul>\n<li>S\u1eed d\u1ee5ng h\u1eefu hi\u1ec7u trong c\u00e1c tr\u01b0\u1eddng h\u1ee3p b\u1ecb m\u1ee5n \u0111\u1ea7u tr\u1eafng, m\u1ee5n \u0111\u1ea7u \u0111en, m\u1ee5n nh\u1ecdt, m\u1ee5n tr\u1ee9ng c\u00e1. Li\u1ec1n da kh\u00f4ng \u0111\u1ec1 l\u1ea1i v\u1ebft s\u1eb9o v\u1ebft th\u00e2m.<\/li>\n<\/ul>\n<h3>\u01afu \u0111i\u1ec3m n\u1ed5i b\u1eadt<\/h3>\n<ul>\n<li>V\u1edbi kh\u1ea3 n\u0103ng gi\u1ea3m s\u01b0ng t\u1ea5y, kem m\u1ee5n Derma gi\u1ea3m c\u00e1c lo\u1ea1i m\u1ee5n tr\u1ee9ng c\u00e1 nh\u01b0 m\u1ee5n c\u00e1m, m\u1ee5n \u0111\u1ea7u \u0111en, m\u1ee5n b\u1ecdc, m\u1ee5n m\u1ee7, m\u1ee5n nh\u1ecdt.<\/li>\n<li>Lo\u1ea1i b\u1ecf m\u00e1u b\u1ea7m, li\u1ec1n da nhanh ch\u00f3ng kh\u00f4ng \u0111\u1ec3 l\u1ea1i s\u1eb9o v\u00e0 v\u1ebft th\u00e2m, k\u1ec3 c\u1ea3 nh\u1eefng v\u1ebft s\u1eb9o th\u00e2m l\u00e2u ng\u00e0y do m\u1ee5n tr\u1ee9ng c\u00e1 \u0111\u1ec3 l\u1ea1i.<\/li>\n<li>Ph\u1ee5c h\u1ed3i v\u00e0 t\u00e1i t\u1ea1o c\u00e1c t\u1ebf b\u00e0o da m\u1edbi, gi\u00fap l\u00e0n da tr\u1edf n\u00ean m\u1ecbn m\u00e0ng, se kh\u00edt l\u1ed7 ch\u00e2n l\u00f4ng.<\/li>\n<\/ul>\n<h3>Th\u00e0nh ph\u1ea7n cu\u0309a Kem b\u00f4i m\u1ee5n Derma IdL gi\u1ea3m m\u1ee5n, li\u1ec1n s\u1eb9o, thu nh\u1ecf l\u1ed7 ch\u00e2n l\u00f4ng<\/h3>\n<table border=\"1px solid rgb(221, 221, 221)\" cellpadding=\"5px 0px 5px 5px\">\n<tbody>\n<tr>\n<th>Th\u00e0nh ph\u1ea7n<\/th>\n<th>H\u00e0m l\u01b0\u1ee3ng<\/th>\n<\/tr>\n<tr>\n<td>Allantion, Bht, Ethyl paraben, Glycerin, Potassium Hydroxide, Polysorbat, Stearic Acid, Titanium Dioxide, Water\u2026<\/td>\n<td><\/td>\n<\/tr>\n<\/tbody>\n<\/table>\n<h2 data-serialscrolling-target=\"f-1\">C\u00f4ng d\u1ee5ng<\/h2>\n<ul>\n<li>D\u00f9ng cho m\u1ee5n \u0111\u1ea7u tr\u1eafng, m\u1ee5n nh\u1ecdt, m\u1ee5n c\u00e1m.<\/li>\n<li>L\u00e0m li\u1ec1n da, kh\u00f4ng \u0111\u1ec3 l\u1ea1i s\u1eb9o, kh\u00f4ng \u0111\u1ec3 l\u1ea1i v\u1ebft th\u00e2m tr\u00ean da.<\/li>\n<\/ul>\n<p>&nbsp;<\/p>\n<div class=\"title__heading \" title=\"Kem b\u00f4i m\u1ee5n Derma IdL gi\u1ea3m m\u1ee5n, li\u1ec1n s\u1eb9o (Tu\u00fdp 12g)\"><em>Kem b\u00f4i m\u1ee5n Derma IdL gi\u1ea3m m\u1ee5n, li\u1ec1n s\u1eb9o<\/em><\/div>\n<h2 data-serialscrolling-target=\"f-2\">C\u00e1ch d\u00f9ng<\/h2>\n<ul>\n<li>Thoa kem Derma-IDLtr\u00ean v\u00f9ng da m\u1ee5n ng\u00e0y t\u1eeb 1 \u0111\u1ebfn 2 l\u1ea7n n\u1ebfu nh\u1eb9<\/li>\n<li>N\u1ebfu nhi\u1ec1u m\u1ee5n \u1eedng \u0111\u1ecf, s\u01b0ng t\u1ea5y b\u00f4i ng\u00e0y 3 \u0111\u1ebfn 4 l\u1ea7n<\/li>\n<\/ul>\n<h2 data-serialscrolling-target=\"f-3\">T\u00e1c d\u1ee5ng ph\u1ee5<\/h2>\n<ul>\n<li>Ch\u01b0a c\u00f3 th\u00f4ng tin v\u1ec1 t\u00e1c d\u1ee5ng ph\u1ee5 c\u1ee7a s\u1ea3n ph\u1ea9m.<\/li>\n<\/ul>\n<div>\n<div>\n<h2 data-serialscrolling-target=\"f-4\">\u26a0\ufe0f\u00a0L\u01b0u \u00fd<\/h2>\n<ul>\n<li>S\u1ea3n ph\u1ea9m ch\u1ec9 d\u00f9ng ngo\u00e0i da. Tr\u00e1nh \u0111\u1ec3 ti\u1ebfp x\u00fac tr\u1ef1c ti\u1ebfp v\u1edbi m\u1eaft.<\/li>\n<li>\u0110\u1ecdc k\u1ef9 h\u01b0\u1edbng d\u1eabn s\u1eed d\u1ee5ng tr\u01b0\u1edbc khi d\u00f9ng.<\/li>\n<\/ul>\n<p><em>\u0110\u1ec3 hi\u1ec3u r\u00f5 h\u01a1n v\u1ec1\u00a0c\u00f4ng d\u1ee5ng v\u00e0 c\u00e1ch d\u00f9ng\u00a0<\/em><em>Kem b\u00f4i m\u1ee5n Derma IdL<\/em>\u00a0<em>vui l\u00f2ng li\u00ean h\u1ec7 Trung S\u01a1n Pharma qua Hotline 1800558898 \u0111\u1ec3 \u0111\u01b0\u1ee3c t\u01b0 v\u1ea5n.<\/em><\/p>\n<\/div>\n<\/div>\n<h2 data-serialscrolling-target=\"f-5\">B\u1ea3o qu\u1ea3n<\/h2>\n<ul>\n<li>N\u01a1i kh\u00f4 r\u00e1o, tho\u00e1ng m\u00e1t, tr\u00e1nh \u00e1nh n\u1eafng tr\u1ef1c ti\u1ebfp<\/li>\n<\/ul>\n","protected":false},"excerpt":{"rendered":"<div class=\"margin-top\"><strong>M\u00f4 t\u1ea3 s\u1ea3n ph\u1ea9m:<\/strong><\/div>\n<div class=\"mb10\">\n<div>Kem b\u00f4i m\u1ee5n Derma IdL s\u1eed d\u1ee5ng h\u1eefu hi\u1ec7u trong c\u00e1c tr\u01b0\u1eddng h\u1ee3p b\u1ecb m\u1ee5n \u0111\u1ea7u tr\u1eafng, m\u1ee5n \u0111\u1ea7u \u0111en, m\u1ee5n nh\u1ecdt, m\u1ee5n tr\u1ee9ng c\u00e1. Li\u1ec1n da kh\u00f4ng \u0111\u1ec1 l\u1ea1i v\u1ebft seo v\u1ebft th\u00e2m.<\/div>\n<\/div>\n","protected":false},"featured_media":125,"template":"","meta":[],"product_brand":[],"product_cat":[18],"product_tag":[19],"class_list":{"0":"post-91","1":"product","2":"type-product","3":"status-publish","4":"has-post-thumbnail","6":"product_cat-derma","7":"product_tag-der","9":"first","10":"instock","11":"featured","12":"shipping-taxable","13":"product-type-external"},"_links":{"self":[{"href":"https:\/\/dermaidl.com\/index.php?rest_route=\/wp\/v2\/product\/91","targetHints":{"allow":["GET"]}}],"collection":[{"href":"https:\/\/dermaidl.com\/index.php?rest_route=\/wp\/v2\/product"}],"about":[{"href":"https:\/\/dermaidl.com\/index.php?rest_route=\/wp\/v2\/types\/product"}],"wp:featuredmedia":[{"embeddable":true,"href":"https:\/\/dermaidl.com\/index.php?rest_route=\/wp\/v2\/media\/125"}],"wp:attachment":[{"href":"https:\/\/dermaidl.com\/index.php?rest_route=%2Fwp%2Fv2%2Fmedia&parent=91"}],"wp:term":[{"taxonomy":"product_brand","embeddable":true,"href":"https:\/\/dermaidl.com\/index.php?rest_route=%2Fwp%2Fv2%2Fproduct_brand&post=91"},{"taxonomy":"product_cat","embeddable":true,"href":"https:\/\/dermaidl.com\/index.php?rest_route=%2Fwp%2Fv2%2Fproduct_cat&post=91"},{"taxonomy":"product_tag","embeddable":true,"href":"https:\/\/dermaidl.com\/index.php?rest_route=%2Fwp%2Fv2%2Fproduct_tag&post=91"}],"curies":[{"name":"wp","href":"https:\/\/api.w.org\/{rel}","templated":true}]}}