{"id":2,"date":"2025-06-13T13:54:23","date_gmt":"2025-06-13T13:54:23","guid":{"rendered":"https:\/\/dermaidl.com\/?page_id=2"},"modified":"2025-11-07T11:53:59","modified_gmt":"2025-11-07T11:53:59","slug":"trang-mau","status":"publish","type":"page","link":"https:\/\/dermaidl.com\/","title":{"rendered":"Trang m\u1eabu"},"content":{"rendered":"<div class=\"slider-wrapper relative\" id=\"slider-1669700155\" >\n    <div class=\"slider slider-nav-circle slider-nav-large slider-nav-light slider-style-normal\"\n        data-flickity-options='{\n            \"cellAlign\": \"center\",\n            \"imagesLoaded\": true,\n            \"lazyLoad\": 1,\n            \"freeScroll\": false,\n            \"wrapAround\": true,\n            \"autoPlay\": 6000,\n            \"pauseAutoPlayOnHover\" : true,\n            \"prevNextButtons\": true,\n            \"contain\" : true,\n            \"adaptiveHeight\" : true,\n            \"dragThreshold\" : 10,\n            \"percentPosition\": true,\n            \"pageDots\": true,\n            \"rightToLeft\": false,\n            \"draggable\": true,\n            \"selectedAttraction\": 0.1,\n            \"parallax\" : 0,\n            \"friction\": 0.6        }'\n        >\n        \n\t<div class=\"img has-hover x md-x lg-x y md-y lg-y\" id=\"image_934017050\">\n\t\t\t\t\t\t\t\t<div class=\"img-inner dark\" >\n\t\t\t<img loading=\"lazy\" decoding=\"async\" width=\"1920\" height=\"700\" src=\"https:\/\/dermaidl.com\/wp-content\/uploads\/2025\/08\/banner-web1v2-01.jpg\" class=\"attachment-original size-original\" alt=\"\" srcset=\"https:\/\/dermaidl.com\/wp-content\/uploads\/2025\/08\/banner-web1v2-01.jpg 1920w, https:\/\/dermaidl.com\/wp-content\/uploads\/2025\/08\/banner-web1v2-01-600x219.jpg 600w, https:\/\/dermaidl.com\/wp-content\/uploads\/2025\/08\/banner-web1v2-01-300x109.jpg 300w, https:\/\/dermaidl.com\/wp-content\/uploads\/2025\/08\/banner-web1v2-01-1024x373.jpg 1024w, https:\/\/dermaidl.com\/wp-content\/uploads\/2025\/08\/banner-web1v2-01-768x280.jpg 768w, https:\/\/dermaidl.com\/wp-content\/uploads\/2025\/08\/banner-web1v2-01-1536x560.jpg 1536w\" sizes=\"auto, (max-width: 1920px) 100vw, 1920px\" \/>\t\t\t\t\t\t\n\t\t\t\t\t<\/div>\n\t\t\t\t\t\t\t\t\n<style>\n#image_934017050 {\n  width: 100%;\n}\n<\/style>\n\t<\/div>\n\t\n\t<div class=\"img has-hover x md-x lg-x y md-y lg-y\" id=\"image_564627546\">\n\t\t\t\t\t\t\t\t<div class=\"img-inner dark\" >\n\t\t\t<img loading=\"lazy\" decoding=\"async\" width=\"1920\" height=\"700\" src=\"https:\/\/dermaidl.com\/wp-content\/uploads\/2025\/11\/post2-web.png\" class=\"attachment-original size-original\" alt=\"\" srcset=\"https:\/\/dermaidl.com\/wp-content\/uploads\/2025\/11\/post2-web.png 1920w, https:\/\/dermaidl.com\/wp-content\/uploads\/2025\/11\/post2-web-300x109.png 300w, https:\/\/dermaidl.com\/wp-content\/uploads\/2025\/11\/post2-web-1024x373.png 1024w, https:\/\/dermaidl.com\/wp-content\/uploads\/2025\/11\/post2-web-768x280.png 768w, https:\/\/dermaidl.com\/wp-content\/uploads\/2025\/11\/post2-web-1536x560.png 1536w, https:\/\/dermaidl.com\/wp-content\/uploads\/2025\/11\/post2-web-600x219.png 600w\" sizes=\"auto, (max-width: 1920px) 100vw, 1920px\" \/>\t\t\t\t\t\t\n\t\t\t\t\t<\/div>\n\t\t\t\t\t\t\t\t\n<style>\n#image_564627546 {\n  width: 100%;\n}\n<\/style>\n\t<\/div>\n\t\n     <\/div>\n\n     <div class=\"loading-spin dark large centered\"><\/div>\n\n\t<\/div>\n\n\n\t<section class=\"section\" id=\"section_473819463\">\n\t\t<div class=\"bg section-bg fill bg-fill  bg-loaded\" >\n\n\t\t\t\n\t\t\t\n\t\t\t\n\n\t\t<\/div>\n\n\t\t\n\n\t\t<div class=\"section-content relative\">\n\t\t\t\n<div class=\"row row-small\"  id=\"row-1573918834\">\n\n\t<div id=\"col-509040468\" class=\"col medium-6 small-12 large-6\"  >\n\t\t\t\t<div class=\"col-inner\"  >\n\t\t\t\n\t\t\t\n<h3>T\u1ea1m bi\u1ec7t n\u1ed7i lo v\u1ec1 m\u1ee5n v\u00e0 ch\u00e0o \u0111\u00f3n l\u00e0n da kh\u1ecfe \u0111\u1eb9p! Derma IDL, s\u1ea3n ph\u1ea9m \u0111\u01b0\u1ee3c c\u00f4ng ty d\u01b0\u1ee3c m\u1ef9 ph\u1ea9m Gamma s\u1ea3n xu\u1ea5t \u0111\u1ea1t chu\u1ea9n GMP, gi\u00fap l\u00e0m s\u1ea1ch s\u00e2u, gi\u1ea3m m\u1ee5n hi\u1ec7u qu\u1ea3 v\u00e0 ng\u0103n ng\u1eeba t\u00e1i ph\u00e1t. Nh\u1edd \u0111\u00f3, b\u1ea1n s\u1ebd c\u00f3 \u0111\u01b0\u1ee3c m\u1ed9t l\u00e0n da m\u1ecbn m\u00e0ng, lu\u00f4n s\u1eb5n s\u00e0ng \u0111\u1ec3 t\u1ef1 tin t\u1ecfa s\u00e1ng m\u1ed7i ng\u00e0y.<\/h3>\n<a data-animate=\"fadeInLeft\" class=\"button success lowercase\"  >\n    <span>Xem th\u00eam<\/span>\n  <\/a>\n\n\t\t<\/div>\n\t\t\t\t\t<\/div>\n\n\t\n\n\t<div id=\"col-2057814780\" class=\"col medium-6 small-12 large-6\"  >\n\t\t\t\t<div class=\"col-inner\"  >\n\t\t\t\n\t\t\t\n\t<div class=\"img has-hover x md-x lg-x y md-y lg-y\" id=\"image_1102200485\">\n\t\t\t\t\t\t\t\t<div class=\"img-inner dark\" >\n\t\t\t<img loading=\"lazy\" decoding=\"async\" width=\"1081\" height=\"681\" src=\"https:\/\/dermaidl.com\/wp-content\/uploads\/2025\/07\/banner-web5-02.png\" class=\"attachment-original size-original\" alt=\"\" srcset=\"https:\/\/dermaidl.com\/wp-content\/uploads\/2025\/07\/banner-web5-02.png 1081w, https:\/\/dermaidl.com\/wp-content\/uploads\/2025\/07\/banner-web5-02-600x378.png 600w, https:\/\/dermaidl.com\/wp-content\/uploads\/2025\/07\/banner-web5-02-300x189.png 300w, https:\/\/dermaidl.com\/wp-content\/uploads\/2025\/07\/banner-web5-02-1024x645.png 1024w, https:\/\/dermaidl.com\/wp-content\/uploads\/2025\/07\/banner-web5-02-768x484.png 768w\" sizes=\"auto, (max-width: 1081px) 100vw, 1081px\" \/>\t\t\t\t\t\t\n\t\t\t\t\t<\/div>\n\t\t\t\t\t\t\t\t\n<style>\n#image_1102200485 {\n  width: 100%;\n}\n<\/style>\n\t<\/div>\n\t\n\t\t<\/div>\n\t\t\t\t\t<\/div>\n\n\t\n<\/div>\n<div class=\"row row-small\"  id=\"row-747364755\">\n\n\t<div id=\"col-2105023608\" class=\"col medium-6 small-12 large-6\"  >\n\t\t\t\t<div class=\"col-inner\"  >\n\t\t\t\n\t\t\t\n<div class=\"video video-fit mb\" style=\"padding-top:500px;\"><p><iframe loading=\"lazy\" title=\"Derma IDL - S\u1ea3n ph\u1ea9m tr\u1ecb m\u1ee5n an to\u00e0n, hi\u1ec7u qu\u1ea3\" width=\"1020\" height=\"574\" src=\"https:\/\/www.youtube.com\/embed\/vxO-5Uq9yIU?feature=oembed\" frameborder=\"0\" allow=\"accelerometer; autoplay; clipboard-write; encrypted-media; gyroscope; picture-in-picture; web-share\" referrerpolicy=\"strict-origin-when-cross-origin\" allowfullscreen><\/iframe><\/p>\n<\/div>\n\t\t<\/div>\n\t\t\t\t\t<\/div>\n\n\t\n\n\t<div id=\"col-1177454406\" class=\"col medium-6 small-12 large-6\"  >\n\t\t\t\t<div class=\"col-inner\"  >\n\t\t\t\n\t\t\t\n<div class=\"container section-title-container\" ><h3 class=\"section-title section-title-normal\"><b><\/b><span class=\"section-title-main\" style=\"color:rgb(0, 66, 180);\">\u01afU \u0110I\u1ec2M N\u1ed4I B\u1eacT<\/span><b><\/b><\/h3><\/div>\n<p>V\u1edbi kh\u1ea3 n\u0103ng gi\u1ea3m s\u01b0ng t\u1ea5y, kem m\u1ee5n Derma gi\u1ea3m c\u00e1c lo\u1ea1i m\u1ee5n tr\u1ee9ng c\u00e1 nh\u01b0 m\u1ee5n c\u00e1m, m\u1ee5n \u0111\u1ea7u \u0111en, m\u1ee5n b\u1ecdc, m\u1ee5n m\u1ee7, m\u1ee5n nh\u1ecdt.<\/p>\n<p>Lo\u1ea1i b\u1ecf m\u00e1u b\u1ea7m, li\u1ec1n da nhanh ch\u00f3ng kh\u00f4ng \u0111\u1ec3 l\u1ea1i s\u1eb9o v\u00e0 v\u1ebft th\u00e2m, k\u1ec3 c\u1ea3 nh\u1eefng v\u1ebft s\u1eb9o th\u00e2m l\u00e2u ng\u00e0y do m\u1ee5n tr\u1ee9ng c\u00e1 \u0111\u1ec3 l\u1ea1i.<\/p>\n<p>Ph\u1ee5c h\u1ed3i v\u00e0 t\u00e1i t\u1ea1o c\u00e1c t\u1ebf b\u00e0o da m\u1edbi, gi\u00fap l\u00e0n da tr\u1edf n\u00ean m\u1ecbn m\u00e0ng, se kh\u00edt l\u1ed7 ch\u00e2n l\u00f4ng.<\/p>\n\t\t<\/div>\n\t\t\t\t\t<\/div>\n\n\t\n<\/div>\n\t\t<\/div>\n\n\t\t\n<style>\n#section_473819463 {\n  padding-top: 30px;\n  padding-bottom: 30px;\n}\n<\/style>\n\t<\/section>\n\t\n<div class=\"row row-collapse\"  id=\"row-861300365\">\n\n\t<div id=\"col-1749489792\" class=\"col small-12 large-12\"  >\n\t\t\t\t<div class=\"col-inner\"  >\n\t\t\t\n\t\t\t\n\n<div class=\"divnz\">\n<div class=\"titsp\"><a href=\"#\"  class=\"titsp3\" title=\"Ncnz\">S\u1ea3n ph\u1ea9m b\u00e1n ch\u1ea1y<\/a><\/div>\n\n\t\t<\/div>\n\t\t\t\t\t<\/div>\n\n\t\n<\/div>\n\t<div id=\"gap-1954823746\" class=\"gap-element clearfix\" style=\"display:block; height:auto;\">\n\t\t\n<style>\n#gap-1954823746 {\n  padding-top: 10px;\n}\n<\/style>\n\t<\/div>\n\t\n\t\n  \n    <div class=\"row large-columns-4 medium-columns-3 small-columns-2 row-small slider row-slider slider-nav-reveal slider-nav-push\"  data-flickity-options='{\"imagesLoaded\": true, \"groupCells\": \"100%\", \"dragThreshold\" : 5, \"cellAlign\": \"left\",\"wrapAround\": true,\"prevNextButtons\": true,\"percentPosition\": true,\"pageDots\": false, \"rightToLeft\": false, \"autoPlay\" : false}' >\n\n  \n\t     <div class=\"product-small col has-hover product type-product post-91 status-publish first instock product_cat-derma product_tag-der has-post-thumbnail featured shipping-taxable product-type-external\">\n\t<div class=\"col-inner\">\n\t\n<div class=\"badge-container absolute left top z-1\">\n\n<\/div>\n\t<div class=\"product-small box \">\n\t\t<div class=\"box-image\">\n\t\t\t<div class=\"image-fade_in_back\">\n\t\t\t\t<a href=\"https:\/\/dermaidl.com\/?product=gel-tri-mun-derma-idl\" aria-label=\"Gel tr\u1ecb m\u1ee5n Derma idl\">\n\t\t\t\t\t<img loading=\"lazy\" decoding=\"async\" width=\"300\" height=\"300\" src=\"https:\/\/dermaidl.com\/wp-content\/uploads\/2025\/08\/banner-X18-der_cd-scaled-300x300.jpg\" class=\"attachment-woocommerce_thumbnail size-woocommerce_thumbnail\" alt=\"Gel tr\u1ecb m\u1ee5n Derma idl\" srcset=\"https:\/\/dermaidl.com\/wp-content\/uploads\/2025\/08\/banner-X18-der_cd-300x300.jpg 300w, https:\/\/dermaidl.com\/wp-content\/uploads\/2025\/08\/banner-X18-der_cd-scaled-100x100.jpg 100w, https:\/\/dermaidl.com\/wp-content\/uploads\/2025\/08\/banner-X18-der_cd-scaled-600x600.jpg 600w, https:\/\/dermaidl.com\/wp-content\/uploads\/2025\/08\/banner-X18-der_cd-1024x1024.jpg 1024w, https:\/\/dermaidl.com\/wp-content\/uploads\/2025\/08\/banner-X18-der_cd-150x150.jpg 150w, https:\/\/dermaidl.com\/wp-content\/uploads\/2025\/08\/banner-X18-der_cd-768x768.jpg 768w, https:\/\/dermaidl.com\/wp-content\/uploads\/2025\/08\/banner-X18-der_cd-1536x1536.jpg 1536w, https:\/\/dermaidl.com\/wp-content\/uploads\/2025\/08\/banner-X18-der_cd-2048x2048.jpg 2048w\" sizes=\"auto, (max-width: 300px) 100vw, 300px\" \/><img loading=\"lazy\" decoding=\"async\" width=\"300\" height=\"300\" src=\"https:\/\/dermaidl.com\/wp-content\/uploads\/2025\/08\/banner-X18-der-02-scaled-300x300.jpg\" class=\"show-on-hover absolute fill hide-for-small back-image\" alt=\"\" srcset=\"https:\/\/dermaidl.com\/wp-content\/uploads\/2025\/08\/banner-X18-der-02-300x300.jpg 300w, https:\/\/dermaidl.com\/wp-content\/uploads\/2025\/08\/banner-X18-der-02-scaled-100x100.jpg 100w, https:\/\/dermaidl.com\/wp-content\/uploads\/2025\/08\/banner-X18-der-02-scaled-600x600.jpg 600w, https:\/\/dermaidl.com\/wp-content\/uploads\/2025\/08\/banner-X18-der-02-1024x1024.jpg 1024w, https:\/\/dermaidl.com\/wp-content\/uploads\/2025\/08\/banner-X18-der-02-150x150.jpg 150w, https:\/\/dermaidl.com\/wp-content\/uploads\/2025\/08\/banner-X18-der-02-768x768.jpg 768w, https:\/\/dermaidl.com\/wp-content\/uploads\/2025\/08\/banner-X18-der-02-1536x1536.jpg 1536w, https:\/\/dermaidl.com\/wp-content\/uploads\/2025\/08\/banner-X18-der-02-2048x2048.jpg 2048w\" sizes=\"auto, (max-width: 300px) 100vw, 300px\" \/>\t\t\t\t<\/a>\n\t\t\t<\/div>\n\t\t\t<div class=\"image-tools is-small top right show-on-hover\">\n\t\t\t\t\t\t\t<\/div>\n\t\t\t<div class=\"image-tools is-small hide-for-small bottom left show-on-hover\">\n\t\t\t\t\t\t\t<\/div>\n\t\t\t<div class=\"image-tools grid-tools text-center hide-for-small bottom hover-slide-in show-on-hover\">\n\t\t\t\t  <a class=\"quick-view\" data-prod=\"91\" href=\"#quick-view\">Xem Nhanh<\/a>\t\t\t<\/div>\n\t\t\t\t\t<\/div>\n\n\t\t<div class=\"box-text box-text-products\">\n\t\t\t<div class=\"title-wrapper\">\t\t<p class=\"category uppercase is-smaller no-text-overflow product-cat op-7\">\n\t\t\tGel tr\u1ecb m\u1ee5n\t\t<\/p>\n\t<p class=\"name product-title woocommerce-loop-product__title\"><a href=\"https:\/\/dermaidl.com\/?product=gel-tri-mun-derma-idl\" class=\"woocommerce-LoopProduct-link woocommerce-loop-product__link\">Gel tr\u1ecb m\u1ee5n Derma idl<\/a><\/p><\/div><div class=\"price-wrapper\">\n<\/div>\t\t<\/div>\n\t<\/div>\n\t\t<\/div>\n<\/div><\/div>\n<div class=\"row row-collapse\"  id=\"row-1831368175\">\n\n\t<div id=\"col-1111517012\" class=\"col small-12 large-12\"  >\n\t\t\t\t<div class=\"col-inner\"  >\n\t\t\t\n\t\t\t\n\n<div class=\"divnz\">\n<div class=\"titsp\"><a href=\"#\"  class=\"titsp3\" title=\"Ncnz\">\u0110\u1ed1i t\u00e1c c\u1ee7a ch\u00fang t\u00f4i<\/a><\/div>\n\n\t<section class=\"section\" id=\"section_951844038\">\n\t\t<div class=\"bg section-bg fill bg-fill  bg-loaded\" >\n\n\t\t\t\n\t\t\t\n\t\t\t\n\n\t\t<\/div>\n\n\t\t\n\n\t\t<div class=\"section-content relative\">\n\t\t\t\n<div class=\"row\"  id=\"row-890129122\">\n\n\t<div id=\"col-942313863\" class=\"col medium-4 small-12 large-4\"  >\n\t\t\t\t<div class=\"col-inner\"  >\n\t\t\t\n\t\t\t\n\t<div class=\"img has-hover x md-x lg-x y md-y lg-y\" id=\"image_1017632737\">\n\t\t\t\t\t\t\t\t<div class=\"img-inner dark\" >\n\t\t\t<img loading=\"lazy\" decoding=\"async\" width=\"500\" height=\"500\" src=\"https:\/\/dermaidl.com\/wp-content\/uploads\/2025\/11\/Tam-logoa-01.png\" class=\"attachment-large size-large\" alt=\"\" srcset=\"https:\/\/dermaidl.com\/wp-content\/uploads\/2025\/11\/Tam-logoa-01.png 500w, https:\/\/dermaidl.com\/wp-content\/uploads\/2025\/11\/Tam-logoa-01-300x300.png 300w, https:\/\/dermaidl.com\/wp-content\/uploads\/2025\/11\/Tam-logoa-01-150x150.png 150w, https:\/\/dermaidl.com\/wp-content\/uploads\/2025\/11\/Tam-logoa-01-100x100.png 100w\" sizes=\"auto, (max-width: 500px) 100vw, 500px\" \/>\t\t\t\t\t\t\n\t\t\t\t\t<\/div>\n\t\t\t\t\t\t\t\t\n<style>\n#image_1017632737 {\n  width: 100%;\n}\n<\/style>\n\t<\/div>\n\t\n\t\t<\/div>\n\t\t\t\t\t<\/div>\n\n\t\n\n\t<div id=\"col-989246936\" class=\"col medium-4 small-12 large-4\"  >\n\t\t\t\t<div class=\"col-inner\"  >\n\t\t\t\n\t\t\t\n\t<div class=\"img has-hover x md-x lg-x y md-y lg-y\" id=\"image_48578815\">\n\t\t<a class=\"\" href=\"https:\/\/trungsoncare.com\/duoc-my-pham\/kem-boi-mun-derma-idl-giam-mun-lien-seo-tuyp-12g\/?srsltid=AfmBOoqp_FkNvym5wwhXyzBZcHYK-0zO4Q790bjx8zlQAKw7x_-yxRrI\" target=\"_blank\" rel=\"noopener\" >\t\t\t\t\t\t<div class=\"img-inner dark\" >\n\t\t\t<img loading=\"lazy\" decoding=\"async\" width=\"500\" height=\"500\" src=\"https:\/\/dermaidl.com\/wp-content\/uploads\/2025\/11\/Tam-logoa-02.png\" class=\"attachment-large size-large\" alt=\"\" srcset=\"https:\/\/dermaidl.com\/wp-content\/uploads\/2025\/11\/Tam-logoa-02.png 500w, https:\/\/dermaidl.com\/wp-content\/uploads\/2025\/11\/Tam-logoa-02-300x300.png 300w, https:\/\/dermaidl.com\/wp-content\/uploads\/2025\/11\/Tam-logoa-02-150x150.png 150w, https:\/\/dermaidl.com\/wp-content\/uploads\/2025\/11\/Tam-logoa-02-100x100.png 100w\" sizes=\"auto, (max-width: 500px) 100vw, 500px\" \/>\t\t\t\t\t\t\n\t\t\t\t\t<\/div>\n\t\t\t\t\t\t<\/a>\t\t\n<style>\n#image_48578815 {\n  width: 100%;\n}\n<\/style>\n\t<\/div>\n\t\n\t\t<\/div>\n\t\t\t\t\t<\/div>\n\n\t\n\n\t<div id=\"col-1514657978\" class=\"col medium-4 small-12 large-4\"  >\n\t\t\t\t<div class=\"col-inner\"  >\n\t\t\t\n\t\t\t\n\t<div class=\"img has-hover x md-x lg-x y md-y lg-y\" id=\"image_1932790120\">\n\t\t\t\t\t\t\t\t<div class=\"img-inner dark\" >\n\t\t\t<img loading=\"lazy\" decoding=\"async\" width=\"500\" height=\"500\" src=\"https:\/\/dermaidl.com\/wp-content\/uploads\/2025\/11\/Tam-logoa-03.png\" class=\"attachment-large size-large\" alt=\"\" srcset=\"https:\/\/dermaidl.com\/wp-content\/uploads\/2025\/11\/Tam-logoa-03.png 500w, https:\/\/dermaidl.com\/wp-content\/uploads\/2025\/11\/Tam-logoa-03-300x300.png 300w, https:\/\/dermaidl.com\/wp-content\/uploads\/2025\/11\/Tam-logoa-03-150x150.png 150w, https:\/\/dermaidl.com\/wp-content\/uploads\/2025\/11\/Tam-logoa-03-100x100.png 100w\" sizes=\"auto, (max-width: 500px) 100vw, 500px\" \/>\t\t\t\t\t\t\n\t\t\t\t\t<\/div>\n\t\t\t\t\t\t\t\t\n<style>\n#image_1932790120 {\n  width: 100%;\n}\n<\/style>\n\t<\/div>\n\t\n\t\t<\/div>\n\t\t\t\t\t<\/div>\n\n\t\n<\/div>\n\t\t<\/div>\n\n\t\t\n<style>\n#section_951844038 {\n  padding-top: 30px;\n  padding-bottom: 30px;\n}\n<\/style>\n\t<\/section>\n\t\n\t\t<\/div>\n\t\t\t\t\t<\/div>\n\n\t\n<\/div>\n","protected":false},"excerpt":{"rendered":"","protected":false},"author":1,"featured_media":0,"parent":0,"menu_order":0,"comment_status":"closed","ping_status":"open","template":"page-blank.php","meta":{"footnotes":""},"class_list":["post-2","page","type-page","status-publish","hentry"],"_links":{"self":[{"href":"https:\/\/dermaidl.com\/index.php?rest_route=\/wp\/v2\/pages\/2","targetHints":{"allow":["GET"]}}],"collection":[{"href":"https:\/\/dermaidl.com\/index.php?rest_route=\/wp\/v2\/pages"}],"about":[{"href":"https:\/\/dermaidl.com\/index.php?rest_route=\/wp\/v2\/types\/page"}],"author":[{"embeddable":true,"href":"https:\/\/dermaidl.com\/index.php?rest_route=\/wp\/v2\/users\/1"}],"replies":[{"embeddable":true,"href":"https:\/\/dermaidl.com\/index.php?rest_route=%2Fwp%2Fv2%2Fcomments&post=2"}],"version-history":[{"count":22,"href":"https:\/\/dermaidl.com\/index.php?rest_route=\/wp\/v2\/pages\/2\/revisions"}],"predecessor-version":[{"id":183,"href":"https:\/\/dermaidl.com\/index.php?rest_route=\/wp\/v2\/pages\/2\/revisions\/183"}],"wp:attachment":[{"href":"https:\/\/dermaidl.com\/index.php?rest_route=%2Fwp%2Fv2%2Fmedia&parent=2"}],"curies":[{"name":"wp","href":"https:\/\/api.w.org\/{rel}","templated":true}]}}